{"id":463,"date":"2023-10-24T16:08:41","date_gmt":"2023-10-24T14:08:41","guid":{"rendered":"https:\/\/www.pfefferkorn-lech.at\/datenschutz"},"modified":"2023-12-18T12:10:52","modified_gmt":"2023-12-18T11:10:52","slug":"datenschutz","status":"publish","type":"page","link":"https:\/\/www.pfefferkorn-lech.at\/en\/datenschutz","title":{"rendered":"Datenschutz"},"content":{"rendered":"\n<h2 class=\"wp-block-heading\">Wer wir sind<\/h2>\n\n\n\n<p>Wir sind Pfefferkorn\u2019s Hotel, Beherbergungs- und Verpflegungsbetrieb in Lech am Arlberg. In dieser Datenschutzerkl\u00e4rung informieren wir Sie \u00fcber die wichtigsten Aspekte der Datenverarbeitung im Rahmen der Verwendung dieser Website.<\/p>\n\n\n\n<h2 class=\"wp-block-heading\">Art und Zweck der verarbeiteten Daten<\/h2>\n\n\n\n<p>Unsere Website erfasst mit jedem Aufruf eine Reihe von allgemeinen Daten und Informationen. Diese allgemeinen Daten und Informationen werden in den Logfiles des Servers gespeichert. Erfasst werden k\u00f6nnen<\/p>\n\n\n\n<p>\u2013 das Betriebssystem des Nutzers<\/p>\n\n\n\n<p>\u2013 die IP-Adresse des Nutzers<\/p>\n\n\n\n<p>\u2013 Datum und Uhrzeit des Zugriffs<\/p>\n\n\n\n<p>\u2013 Websites, von denen das System des Nutzers auf unsere Internetseite gelangt<\/p>\n\n\n\n<p>\u2013 Websites, die vom System des Nutzers \u00fcber unsere Website aufgerufen werden den Namen der vom System des Nutzers aufgerufenen Seite<\/p>\n\n\n\n<p>sonstige \u00e4hnliche Daten und Informationen, die der Gefahrenabwehr im Falle von Angriffen auf unsere informationstechnologischen Systeme dienen.<\/p>\n\n\n\n<p>Die Website bzw. App nutzt das Open-Source-Tool Google Analytics zur Web-Analyse.&nbsp; Google Analytics verwendet Cookies, die eine statistische Analyse der Nutzung der Website erm\u00f6glicht. Dazu werden die o.a. Informationen gesendet, wobei hier die IP-Adresse sofort anonymisiert wird. Es werden somit keine personenbezogenen Daten f\u00fcr statistische Auswertungen gespeichert. Cookies sind kleine Textdateien, die mit Hilfe des Browsers auf Ihrem Endger\u00e4t abgelegt werden. Sie richten keinen Schaden an.<\/p>\n\n\n\n<p>Wir nutzen Cookies dazu, unser Angebot nutzerfreundlich zu gestalten. Einige Cookies bleiben auf Ihrem Endger\u00e4t gespeichert, bis Sie diese l\u00f6schen. Sie erm\u00f6glichen es uns, Ihren Browser beim n\u00e4chsten Besuch wiederzuerkennen.<\/p>\n\n\n\n<p>Wenn Sie dies nicht w\u00fcnschen, so k\u00f6nnen Sie Ihren Browser so einrichten, dass er Sie \u00fcber das Setzen von Cookies informiert und Sie dies nur im Einzelfall erlauben.<\/p>\n\n\n\n<p>Bei der Deaktivierung von Cookies kann die Funktionalit\u00e4t unserer Website eingeschr\u00e4nkt sein.<\/p>\n\n\n\n<p>Weiteres verwenden wir verwenden Cookies, um Inhalte und Anzeigen zu personalisieren und Funktionen f\u00fcr soziale Medien anbieten zu k\u00f6nnen. Au\u00dferdem geben wir Informationen zu Ihrer Verwendung unserer Website an unsere Partner f\u00fcr soziale Medien, Werbung und Analysen weiter. Zu diesen Partnern z\u00e4hlen unter anderem die Social Media Anbieter, Facebook und Google Ireland Limited (Youtube) und Vimeo f\u00fcr Videos.<\/p>\n\n\n\n<p>Diese haben ihre Niederlassungen in den USA und nehmen dort die Datenverarbeitungen vor. Den USA wird vom Europ\u00e4ischen Gerichtshof kein angemessenes Datenschutzniveau bescheinigt. Es besteht insbesondere das Risiko, dass ihre Daten dem Zugriff durch US-Beh\u00f6rden zu Kontroll- und \u00dcberwachungszwecken unterliegen, Vorratsdatenspeicherungen erfolgen und dagegen keine wirksamen Rechtsbehelfe zur Verf\u00fcgung stehen. Durch Ihre Zustimmung willigen Sie in alle auf dieser Website verwendeten Cookies ein und stimmen zu, dass Cookies von uns und von Drittanbietern (auch in den USA) verwendet werden d\u00fcrfen. Unter \u201eEinstellungen\u201c k\u00f6nnen Sie ausw\u00e4hlen, welche Cookies wir auf Grundlage Ihrer Einwilligung verwenden d\u00fcrfen.<\/p>\n\n\n\n<p>HINWEIS: Im Rahmen der pandemie-bedingt erlassenen Besucherregelung wird ihr Test-, Genesungs- oder Impfzertifikat (\u201eGr\u00fcner Pass\u201c) mit Hilfe der Website qr.gv.at. auf ihre G\u00fcltigkeit \u00fcberpr\u00fcft\/elektronisch ausgelesen. Das Ergebnis wird nicht gespeichert.<\/p>\n\n\n\n<p>N\u00e4here Infos zur Verarbeitung ihrer personenbezogenen Daten im \u201eGr\u00fcnen Pass\u201c finden Sie unter https:\/\/www.gesundheit.gv.at\/service\/gruener-pass\/datenschutzinformation.<\/p>\n\n\n\n<h2 class=\"wp-block-heading\">Rechtsgrundlage(n) der Datenverarbeitung<\/h2>\n\n\n\n<p>Wir verarbeiten ihre personenbezogenen Daten auf der Grundlage unseres \u00fcberwiegenden berechtigten Interesses nach Art 6 Abs. 1 lit. f DSGVO, welches darin besteht, unserer Website inhaltlich weiter zu entwickeln, nutzerfreundlich zu gestalten und vor Cyberangriffen zu sch\u00fctzen.<\/p>\n\n\n\n<h2 class=\"wp-block-heading\">Verlinkungen zu anderen Web-Diensten<\/h2>\n\n\n\n<p>Auf der Website finden Sie direkte Verlinkungen zu unserer Instagram Seite, unserem Buchungstool, usw.<\/p>\n\n\n\n<p>Bitte informieren Sie sich bei dem jeweiligen Web-Dienst, welche bzw. ob Daten dabei \u00fcbertragen werden und welche Datenschutzbestimmungen somit g\u00fcltig sind.<\/p>\n\n\n\n<h2 class=\"wp-block-heading\">Kategorien von Empf\u00e4ngern<\/h2>\n\n\n\n<p>Es werden keine Daten an Dritte weitergegeben \u2013 mit Ausnahme der Firma<\/p>\n\n\n\n<p>Zeughaus Design GmbH<\/p>\n\n\n\n<p>Kreuzgasse 7<\/p>\n\n\n\n<p>6844 Feldkirch<\/p>\n\n\n\n<p><a href=\"http:\/\/www.zeughaus.com\" target=\"_blank\" rel=\"noopener\">www.zeughaus.com<\/a><\/p>\n\n\n\n<p>zur Analyse und Verbesserung der Qualit\u00e4t der Websitenutzung.<\/p>\n\n\n\n<p>Die Daten der Webseite werden in einem Rechenzentrum in Deutschland gehostet. Ein entsprechender&nbsp; Auftragsdatenverarbeitungsvertrag wurde mit der Firma abgeschlossen.<\/p>\n\n\n\n<h2 class=\"wp-block-heading\">Rechte der betroffenen Personen<\/h2>\n\n\n\n<p>Gerne weisen f\u00fcr Sie darauf hin, dass Sie hinsichtlich Ihrer personenbezogenen Daten ein Recht auf Auskunft, auf Berichtigung, auf L\u00f6schung, auf Einschr\u00e4nkung der Verarbeitung sowie auf Widerspruch gegen die Verarbeitung haben.<\/p>\n\n\n\n<p>\u00dcberdies haben Sie gem. Art 77 DSGVO das Recht, sich bei der Aufsichtsbeh\u00f6rde zu beschweren, wenn Sie der Ansicht sind, dass die Verarbeitung Ihrer personenbezogenen Daten durch den Verantwortlichen nicht rechtm\u00e4\u00dfig erfolgt.<\/p>\n\n\n\n<h2 class=\"wp-block-heading\">Unsere Website verwendet Cookies<\/h2>\n\n\n\n<p>Wir verwenden Cookies, um Inhalte und Anzeigen zu personalisieren, Funktionen f\u00fcr soziale Medien anbieten zu k\u00f6nnen und die Zugriffe auf unsere Website zu analysieren. Au\u00dferdem geben wir Informationen zu Ihrer Verwendung unserer Website an unsere Partner f\u00fcr soziale Medien, Werbung und Analysen weiter. Zu diesen Partnern z\u00e4hlen unter anderem die Social Media Anbieter, Facebook und Google Ireland Limited (Youtube) und Vimeo f\u00fcr Videos.<\/p>\n\n\n\n<p>Diese haben ihre Niederlassungen in den USA und nehmen dort die Datenverarbeitungen vor. Den USA wird vom Europ\u00e4ischen Gerichtshof kein angemessenes Datenschutzniveau bescheinigt. Es besteht insbesondere das Risiko, dass ihre Daten dem Zugriff durch US-Beh\u00f6rden zu Kontroll- und \u00dcberwachungszwecken unterliegen, Vorratsdatenspeicherungen erfolgen und dagegen keine wirksamen Rechtsbehelfe zur Verf\u00fcgung stehen. Durch Ihre Zustimmung willigen Sie in alle auf dieser Website verwendeten Cookies ein und stimmen zu, dass Cookies von uns und von Drittanbietern (auch in den USA) verwendet werden d\u00fcrfen. Unter \u201eEinstellungen\u201c k\u00f6nnen Sie ausw\u00e4hlen, welche Cookies wir auf Grundlage Ihrer Einwilligung verwenden d\u00fcrfen.<\/p>\n\n\n\n<p>Zust\u00e4ndige Aufsichtsbeh\u00f6rde:<\/p>\n\n\n\n<p>\u00d6sterreichische Datenschutzbeh\u00f6rde, Barichgasse 40-42, 1030 Wien<\/p>\n\n\n\n<p>www.dsb.gv.at, Tel. +43 1 52 152-0)<\/p>\n\n\n\n<h2 class=\"wp-block-heading\">Verantwortliche f\u00fcr die Datenverarbeitung<\/h2>\n\n\n\n<p>Mag.a Dr. Petra Pfefferkorn-Walser<\/p>\n\n\n\n<p>Dorf 138, 6764 Lech am Arlberg, \u00d6sterreich<br>Tel.: +43 (0) 5583 \/ 25 25 0<br>Fax: +43 (0) 5583 \/ 25 25 8<br>E-Mail: <a href=\"mailto:info@pfefferkorn-lech.net\">info@pfefferkorn-lech.net<\/a><br>Website: <a href=\"http:\/\/www.pfefferkorn-lech.at\">www.pfefferkorn-lech.at<\/a><\/p>\n\n\n\n<h2 class=\"wp-block-heading\">Datenschutzbeauftragte<\/h2>\n\n\n\n<p>T +43 5574 511 20105<\/p>\n\n\n\n<p>dsba@vorarlberg.at<\/p>\n","protected":false},"excerpt":{"rendered":"<p>Wer wir sind Wir sind Pfefferkorn\u2019s Hotel, Beherbergungs- und Verpflegungsbetrieb in Lech am Arlberg. In dieser Datenschutzerkl\u00e4rung informieren wir Sie \u00fcber die wichtigsten Aspekte der Datenverarbeitung im Rahmen der Verwendung dieser Website. Art und Zweck der verarbeiteten Daten Unsere Website erfasst mit jedem Aufruf eine Reihe von allgemeinen Daten und Informationen. Diese allgemeinen Daten und [&hellip;]<\/p>\n","protected":false},"author":1,"featured_media":0,"parent":0,"menu_order":10,"comment_status":"closed","ping_status":"closed","template":"","meta":{"_acf_changed":false,"inline_featured_image":false,"footnotes":""},"class_list":["post-463","page","type-page","status-publish","hentry"],"acf":[],"_links":{"self":[{"href":"https:\/\/www.pfefferkorn-lech.at\/en\/wp-json\/wp\/v2\/pages\/463","targetHints":{"allow":["GET"]}}],"collection":[{"href":"https:\/\/www.pfefferkorn-lech.at\/en\/wp-json\/wp\/v2\/pages"}],"about":[{"href":"https:\/\/www.pfefferkorn-lech.at\/en\/wp-json\/wp\/v2\/types\/page"}],"author":[{"embeddable":true,"href":"https:\/\/www.pfefferkorn-lech.at\/en\/wp-json\/wp\/v2\/users\/1"}],"replies":[{"embeddable":true,"href":"https:\/\/www.pfefferkorn-lech.at\/en\/wp-json\/wp\/v2\/comments?post=463"}],"version-history":[{"count":0,"href":"https:\/\/www.pfefferkorn-lech.at\/en\/wp-json\/wp\/v2\/pages\/463\/revisions"}],"wp:attachment":[{"href":"https:\/\/www.pfefferkorn-lech.at\/en\/wp-json\/wp\/v2\/media?parent=463"}],"curies":[{"name":"wp","href":"https:\/\/api.w.org\/{rel}","templated":true}]}}