{"id":443,"date":"2023-10-24T18:54:41","date_gmt":"2023-10-24T16:54:41","guid":{"rendered":"https:\/\/www.pfefferkorn-lech.at\/karriere"},"modified":"2023-12-14T13:24:10","modified_gmt":"2023-12-14T12:24:10","slug":"career","status":"publish","type":"page","link":"https:\/\/www.pfefferkorn-lech.at\/en\/career","title":{"rendered":"Jobs at Pfefferkorn"},"content":{"rendered":"\n<div class=\"wp-block-media-text alignwide is-stacked-on-mobile\" style=\"padding-top:0;grid-template-columns:57% auto\"><figure class=\"wp-block-media-text__media\"><img loading=\"lazy\" decoding=\"async\" width=\"1024\" height=\"720\" src=\"https:\/\/www.pfefferkorn-lech.at\/wp-content\/uploads\/2023\/11\/karriere-6-1024x720.jpeg\" alt=\"\" class=\"wp-image-301 size-full\" srcset=\"https:\/\/www.pfefferkorn-lech.at\/wp-content\/uploads\/2023\/11\/karriere-6-1024x720.jpeg 1024w, https:\/\/www.pfefferkorn-lech.at\/wp-content\/uploads\/2023\/11\/karriere-6-300x211.jpeg 300w, https:\/\/www.pfefferkorn-lech.at\/wp-content\/uploads\/2023\/11\/karriere-6-768x540.jpeg 768w, https:\/\/www.pfefferkorn-lech.at\/wp-content\/uploads\/2023\/11\/karriere-6.jpeg 1422w\" sizes=\"auto, (max-width: 1024px) 100vw, 1024px\" \/><\/figure><div class=\"wp-block-media-text__content\">\n<div class=\"wp-block-group has-global-padding is-layout-constrained wp-block-group-is-layout-constrained\">\n<h1 class=\"wp-block-heading\">Become part of our team<\/h1>\n\n\n\n<p>Living and working at the Pfefferkorn means being part of the family. We look forward to welcoming you to Lech am Arlberg!<\/p>\n\n\n\n<div class=\"wp-block-buttons is-layout-flex wp-block-buttons-is-layout-flex\">\n<div class=\"wp-block-button is-style-fill\"><a class=\"wp-block-button__link wp-element-button\" href=\"#stellen\"><strong>To the job offers<\/strong><\/a><\/div>\n<\/div>\n<\/div>\n<\/div><\/div>\n\n\n\n<div class=\"wp-block-group has-global-padding is-layout-constrained wp-block-group-is-layout-constrained\">\n<div class=\"wp-block-columns intro is-layout-flex wp-container-core-columns-is-layout-28f84493 wp-block-columns-is-layout-flex\">\n<div class=\"wp-block-column is-layout-flow wp-block-column-is-layout-flow\">\n<p style=\"padding-top:0;padding-right:0;padding-bottom:0;padding-left:0\">The Pfefferkorn is a family-run four-star hotel in the center of Lech am Arlberg. Here time truly stands still and the unique Arlberg tradition can be seen and felt.<\/p>\n<\/div>\n\n\n\n<div class=\"wp-block-column is-layout-flow wp-block-column-is-layout-flow\">\n<p>\u00c0 la carte restaurant, cult pub, apr\u00e8s-ski lounge and various shops, all under one roof. The Pfefferkorn contains pleasures in every form we know.<\/p>\n<\/div>\n<\/div>\n<\/div>\n\n\n\n<div class=\"wp-block-columns alignwide is-layout-flex wp-container-core-columns-is-layout-784630e2 wp-block-columns-is-layout-flex\" id=\"abteilungen\" style=\"margin-top:var(--wp--preset--spacing--xx-large);margin-bottom:var(--wp--preset--spacing--xx-large)\">\n<div class=\"wp-block-column is-layout-flow wp-block-column-is-layout-flow\" style=\"padding-top:50px\">\n<figure class=\"wp-block-image size-full has-custom-border\"><img loading=\"lazy\" decoding=\"async\" width=\"778\" height=\"518\" src=\"https:\/\/www.pfefferkorn-lech.at\/wp-content\/uploads\/2023\/11\/karriere-dreispalter-1.jpeg\" alt=\"\" class=\"wp-image-300\" style=\"border-radius:0px\" srcset=\"https:\/\/www.pfefferkorn-lech.at\/wp-content\/uploads\/2023\/11\/karriere-dreispalter-1.jpeg 778w, https:\/\/www.pfefferkorn-lech.at\/wp-content\/uploads\/2023\/11\/karriere-dreispalter-1-300x200.jpeg 300w, https:\/\/www.pfefferkorn-lech.at\/wp-content\/uploads\/2023\/11\/karriere-dreispalter-1-768x511.jpeg 768w\" sizes=\"auto, (max-width: 778px) 100vw, 778px\" \/><\/figure>\n\n\n\n<h3 class=\"wp-block-heading\" style=\"margin-bottom:0\">Hotel<\/h3>\n\n\n\n<p style=\"margin-top:var(--wp--preset--spacing--small);padding-right:var(--wp--preset--spacing--large)\">There are 29 rooms and suites in different categories at the Hotel Pfefferkorn. Our 160 m\u00b2 wellness and spa area includes a sauna, steam bath, infrared cabin and more.<\/p>\n\n\n\n<div class=\"wp-block-buttons is-layout-flex wp-block-buttons-is-layout-flex\" style=\"margin-top:var(--wp--preset--spacing--small);margin-bottom:var(--wp--preset--spacing--small)\">\n<div class=\"wp-block-button is-style-arrow\"><a class=\"wp-block-button__link wp-element-button\" href=\"https:\/\/www.pfefferkorn-lech.at\/en\/zimmer-suiten\"><strong>To the Rooms and Suites<\/strong><\/a><\/div>\n<\/div>\n<\/div>\n\n\n\n<div class=\"wp-block-column is-layout-flow wp-block-column-is-layout-flow\">\n<figure class=\"wp-block-image size-full portrait\"><img loading=\"lazy\" decoding=\"async\" width=\"564\" height=\"756\" src=\"https:\/\/www.pfefferkorn-lech.at\/wp-content\/uploads\/2023\/11\/karriere-dreispalter-2.jpeg\" alt=\"\" class=\"wp-image-299\" srcset=\"https:\/\/www.pfefferkorn-lech.at\/wp-content\/uploads\/2023\/11\/karriere-dreispalter-2.jpeg 564w, https:\/\/www.pfefferkorn-lech.at\/wp-content\/uploads\/2023\/11\/karriere-dreispalter-2-224x300.jpeg 224w\" sizes=\"auto, (max-width: 564px) 100vw, 564px\" \/><\/figure>\n\n\n\n<h3 class=\"wp-block-heading\">Culinary<\/h3>\n\n\n\n<p style=\"margin-top:var(--wp--preset--spacing--small);padding-right:var(--wp--preset--spacing--large)\">The Pfefferm\u00fchle is an excellent award-winning restaurant. The popular pub s\u2019Pfefferk\u00f6rndl serves drinks and small to large snacks.<\/p>\n\n\n\n<div class=\"wp-block-buttons is-layout-flex wp-block-buttons-is-layout-flex\" style=\"margin-top:var(--wp--preset--spacing--small);margin-bottom:var(--wp--preset--spacing--small)\">\n<div class=\"wp-block-button is-style-arrow\"><a class=\"wp-block-button__link wp-element-button\" href=\"https:\/\/www.pfefferkorn-lech.at\/en\/restaurants\">To the Restaurants<\/a><\/div>\n<\/div>\n<\/div>\n\n\n\n<div class=\"wp-block-column is-layout-flow wp-block-column-is-layout-flow\" style=\"padding-top:50px\">\n<figure class=\"wp-block-image size-full\"><img loading=\"lazy\" decoding=\"async\" width=\"778\" height=\"528\" src=\"https:\/\/www.pfefferkorn-lech.at\/wp-content\/uploads\/2023\/11\/karriere-dreispalter-3.jpeg\" alt=\"\" class=\"wp-image-298\" srcset=\"https:\/\/www.pfefferkorn-lech.at\/wp-content\/uploads\/2023\/11\/karriere-dreispalter-3.jpeg 778w, https:\/\/www.pfefferkorn-lech.at\/wp-content\/uploads\/2023\/11\/karriere-dreispalter-3-300x204.jpeg 300w, https:\/\/www.pfefferkorn-lech.at\/wp-content\/uploads\/2023\/11\/karriere-dreispalter-3-768x521.jpeg 768w\" sizes=\"auto, (max-width: 778px) 100vw, 778px\" \/><\/figure>\n\n\n\n<h3 class=\"wp-block-heading\">Shopping<\/h3>\n\n\n\n<p style=\"margin-top:var(--wp--preset--spacing--small);padding-right:var(--wp--preset--spacing--large)\">The Pfefferkorn Vinothek has the largest range of wines in the Arlberg region. You can find gifts and cosmetics in the perfumery, boutique and in the hotel&#8217;s own delicacy shop.<\/p>\n\n\n\n<div class=\"wp-block-buttons is-layout-flex wp-block-buttons-is-layout-flex\" style=\"margin-top:var(--wp--preset--spacing--small);margin-bottom:var(--wp--preset--spacing--small)\">\n<div class=\"wp-block-button is-style-arrow\"><a class=\"wp-block-button__link wp-element-button\" href=\"https:\/\/www.pfefferkorn-lech.at\/en\/einkaufserlebnis\">To the Shopping Experiences<\/a><\/div>\n<\/div>\n<\/div>\n<\/div>\n\n\n\n<div id=\"stellen\">\n  \n  <h1>Offene Stellen<\/h1>\n  \n<!--  <div id=\"filter\">\n    <select id=\"jobcategory\">\n      \n    <\/select>\n  <\/div>\n  -->\n    \n    <a class=\"job handel\" href=\"https:\/\/pfefferkorns.onboard.org\/jobs\/7G6ZlJGb\" target=\"_blank\" rel=\"noopener\">\n      <h4>Kassierer \/Verk\u00e4ufer\/Regalbetreuer (m\/w\/d)<\/h4> \n      <span class=\"type\">Vollzeit<\/span>\n      <span class=\"details link-arrow\">Details<\/span>\n    <\/a>\n    \n      \n    <a class=\"job service\" href=\"https:\/\/pfefferkorns.onboard.org\/jobs\/bG77zMGM\" target=\"_blank\" rel=\"noopener\">\n      <h4>Barkellner (m\/w\/d)<\/h4> \n      <span class=\"type\">Vollzeit<\/span>\n      <span class=\"details link-arrow\">Details<\/span>\n    <\/a>\n    \n      \n<\/div>\n\n\n\n\n<div class=\"wp-block-media-text alignwide is-stacked-on-mobile\" style=\"padding-right:100px;padding-left:0;grid-template-columns:54% auto\"><figure class=\"wp-block-media-text__media\"><img loading=\"lazy\" decoding=\"async\" width=\"1024\" height=\"697\" src=\"https:\/\/www.pfefferkorn-lech.at\/wp-content\/uploads\/2023\/11\/karriere-7-1024x697.jpeg\" alt=\"\" class=\"wp-image-297 size-full\" srcset=\"https:\/\/www.pfefferkorn-lech.at\/wp-content\/uploads\/2023\/11\/karriere-7-1024x697.jpeg 1024w, https:\/\/www.pfefferkorn-lech.at\/wp-content\/uploads\/2023\/11\/karriere-7-300x204.jpeg 300w, https:\/\/www.pfefferkorn-lech.at\/wp-content\/uploads\/2023\/11\/karriere-7-768x523.jpeg 768w, https:\/\/www.pfefferkorn-lech.at\/wp-content\/uploads\/2023\/11\/karriere-7.jpeg 1208w\" sizes=\"auto, (max-width: 1024px) 100vw, 1024px\" \/><\/figure><div class=\"wp-block-media-text__content\">\n<div class=\"wp-block-group has-global-padding is-layout-constrained wp-block-group-is-layout-constrained\">\n<h2 class=\"wp-block-heading\">Living and working in Pfefferkorn<\/h2>\n\n\n\n<p>As a family business, one thing is particularly important to us: solidarity. We listen, understand and help each other in every life and work situation. As part of the Pfefferkorn team, you are also part of the family.<\/p>\n<\/div>\n<\/div><\/div>\n\n\n\n<div id=\"benefits\" class=\"wp-block-group is-layout-flow wp-block-group-is-layout-flow\" style=\"padding-top:20px;padding-bottom:20px\">\n<div class=\"wp-block-columns is-layout-flex wp-container-core-columns-is-layout-97d981de wp-block-columns-is-layout-flex\">\n<div class=\"wp-block-column is-layout-flow wp-block-column-is-layout-flow\">\n<h4 class=\"wp-block-heading\">Free accommodation<\/h4>\n\n\n\n<p style=\"margin-top:var(--wp--preset--spacing--small)\">Of course, you will stay for free at our hotel while you work at Pfefferkorn. We provide you with bed linen, towels, bathrobes and a kettle.<\/p>\n<\/div>\n\n\n\n<div class=\"wp-block-column is-layout-flow wp-block-column-is-layout-flow\">\n<h4 class=\"wp-block-heading\">Full board<\/h4>\n\n\n\n<p style=\"margin-top:var(--wp--preset--spacing--small)\">A balanced diet and good food are important to us. That&#8217;s why our team has three fixed meals a day, seven days a week &#8211; Of course, free of charge.<\/p>\n<\/div>\n<\/div>\n\n\n\n<div class=\"wp-block-columns is-layout-flex wp-container-core-columns-is-layout-97d981de wp-block-columns-is-layout-flex\">\n<div class=\"wp-block-column is-layout-flow wp-block-column-is-layout-flow\">\n<h4 class=\"wp-block-heading\">Central Location<\/h4>\n\n\n\n<p style=\"margin-top:var(--wp--preset--spacing--small)\">The Pfefferkorn is located in the center of Lech am Arlberg. The valley station of the R\u00fcfikopfbahn is directly adjacent to the hotel and can be reached in just a few steps. You don&#8217;t have to leave the house to shop at the supermarket. And if you want to go further afield: the next bus stop is in front of the door.<\/p>\n<\/div>\n\n\n\n<div class=\"wp-block-column is-layout-flow wp-block-column-is-layout-flow\">\n<h4 class=\"wp-block-heading\">Sports and Leisure<\/h4>\n\n\n\n<p style=\"margin-top:var(--wp--preset--spacing--small)\">In winter you get a free ski pass and can explore the Arlberg ski area. Prefer shopping? You can shop cheaper with your Pfefferkorn Bonus Card in our in-house perfumery, wine shop and supermarket.<\/p>\n<\/div>\n<\/div>\n<\/div>\n\n\n<div class=\"lazyblock-gallery-KTPYN align  wp-block-lazyblock-gallery\"><div class=\"lazyblock-gallery-images\">\n      <figure class=\"lazyblock-gallery-image i1 landscape\" style=\"display: block;\">\n      <a data-fancybox=\"bilder\" data-caption=\"Die Arbeit im Hotel Pfefferkorn ist bunt und vielseitig.\" href=\"https:\/\/www.pfefferkorn-lech.at\/wp-content\/uploads\/2023\/11\/karriere-1.jpeg\">\n        <img decoding=\"async\" src=\"https:\/\/www.pfefferkorn-lech.at\/wp-content\/uploads\/2023\/11\/karriere-1.jpeg\">\n      <\/a>\n    <\/figure>\n        <figure class=\"lazyblock-gallery-image i2 portrait\" style=\"display: block;\">\n      <a data-fancybox=\"bilder\" data-caption=\"Vom Hotel Pfefferkorn sind es nur wenige Schritte bis zur Skipiste.\" href=\"https:\/\/www.pfefferkorn-lech.at\/wp-content\/uploads\/2023\/11\/karriere-2.jpeg\">\n        <img decoding=\"async\" src=\"https:\/\/www.pfefferkorn-lech.at\/wp-content\/uploads\/2023\/11\/karriere-2.jpeg\">\n      <\/a>\n    <\/figure>\n        <figure class=\"lazyblock-gallery-image i3 landscape\" style=\"display: block;\">\n      <a data-fancybox=\"bilder\" data-caption=\"Wir legen viel Wert auf Details.\" href=\"https:\/\/www.pfefferkorn-lech.at\/wp-content\/uploads\/2023\/11\/karriere-3.jpeg\">\n        <img decoding=\"async\" src=\"https:\/\/www.pfefferkorn-lech.at\/wp-content\/uploads\/2023\/11\/karriere-3.jpeg\">\n      <\/a>\n    <\/figure>\n        <figure class=\"lazyblock-gallery-image i4 landscape\" style=\"display: none;\">\n      <a data-fancybox=\"bilder\" data-caption=\"Ihr gem\u00fctliches Zimmer im Hotel ist Ihr ganz pers\u00f6nlicher R\u00fcckzugsort.\" href=\"https:\/\/www.pfefferkorn-lech.at\/wp-content\/uploads\/2023\/11\/karriere-4.jpeg\">\n        <img decoding=\"async\" src=\"https:\/\/www.pfefferkorn-lech.at\/wp-content\/uploads\/2023\/11\/karriere-4.jpeg\">\n      <\/a>\n    <\/figure>\n        <figure class=\"lazyblock-gallery-image i5 landscape\" style=\"display: none;\">\n      <a data-fancybox=\"bilder\" data-caption=\"Das Pfefferkorn-Team geh\u00f6rt bei uns zur Familie.\" href=\"https:\/\/www.pfefferkorn-lech.at\/wp-content\/uploads\/2023\/11\/karriere-5.jpeg\">\n        <img decoding=\"async\" src=\"https:\/\/www.pfefferkorn-lech.at\/wp-content\/uploads\/2023\/11\/karriere-5.jpeg\">\n      <\/a>\n    <\/figure>\n      \n    \n    <a class=\"more en\">\n      <div class=\"count\">+2<\/div>\n      <div class=\"label\">more photos<\/div>\n    <\/a>\n  \n    \n<\/div>\n\n<script>\n  jQuery(document).ready( function($){\n  \n    $(\".lazyblock-gallery-images .more\").click( function(){\n      \n      $(this).parent().children(\"FIGURE:hidden\").eq(0).children(\"A\").click();\n      \n    });\n  \n  });\n  \n<\/script>\n<\/div>\n\n\n<div class=\"wp-block-columns is-layout-flex wp-container-core-columns-is-layout-28f84493 wp-block-columns-is-layout-flex\">\n<div class=\"wp-block-column is-layout-flow wp-block-column-is-layout-flow\">\n<h3 class=\"wp-block-heading\">We are looking forward to your application<\/h3>\n<\/div>\n\n\n\n<div class=\"wp-block-column is-layout-flow wp-block-column-is-layout-flow\">\n<p>Would you like to get to know us, but there is no suitable position open at the moment? We are always happy to receive unsolicited applications! Simply send us an email with your application documents and we will get in touch with you immediately.<\/p>\n\n\n\n<div class=\"wp-block-buttons is-layout-flex wp-block-buttons-is-layout-flex\">\n<div class=\"wp-block-button\"><a class=\"wp-block-button__link wp-element-button\" href=\"https:\/\/pfefferkorns.onboard.org\/speculative\" target=\"_blank\" rel=\"noreferrer noopener\"><strong>Apply now<\/strong><\/a><\/div>\n<\/div>\n<\/div>\n<\/div>\n","protected":false},"excerpt":{"rendered":"<p>The Pfefferkorn is a family-run four-star hotel in the center of Lech am Arlberg. Here time truly stands still and the unique Arlberg tradition can be seen and felt. \u00c0 la carte restaurant, cult pub, apr\u00e8s-ski lounge and various shops, all under one roof. The Pfefferkorn contains pleasures in every form we know. Hotel There [&hellip;]<\/p>\n","protected":false},"author":1,"featured_media":0,"parent":0,"menu_order":9,"comment_status":"closed","ping_status":"closed","template":"","meta":{"_acf_changed":false,"inline_featured_image":false,"footnotes":""},"class_list":["post-443","page","type-page","status-publish","hentry"],"acf":[],"_links":{"self":[{"href":"https:\/\/www.pfefferkorn-lech.at\/en\/wp-json\/wp\/v2\/pages\/443","targetHints":{"allow":["GET"]}}],"collection":[{"href":"https:\/\/www.pfefferkorn-lech.at\/en\/wp-json\/wp\/v2\/pages"}],"about":[{"href":"https:\/\/www.pfefferkorn-lech.at\/en\/wp-json\/wp\/v2\/types\/page"}],"author":[{"embeddable":true,"href":"https:\/\/www.pfefferkorn-lech.at\/en\/wp-json\/wp\/v2\/users\/1"}],"replies":[{"embeddable":true,"href":"https:\/\/www.pfefferkorn-lech.at\/en\/wp-json\/wp\/v2\/comments?post=443"}],"version-history":[{"count":0,"href":"https:\/\/www.pfefferkorn-lech.at\/en\/wp-json\/wp\/v2\/pages\/443\/revisions"}],"wp:attachment":[{"href":"https:\/\/www.pfefferkorn-lech.at\/en\/wp-json\/wp\/v2\/media?parent=443"}],"curies":[{"name":"wp","href":"https:\/\/api.w.org\/{rel}","templated":true}]}}